{"id":494,"date":"2025-06-02T10:53:49","date_gmt":"2025-06-02T13:53:49","guid":{"rendered":"https:\/\/wordstyle.ca\/?page_id=494"},"modified":"2026-04-28T09:29:07","modified_gmt":"2026-04-28T12:29:07","slug":"blog","status":"publish","type":"page","link":"https:\/\/wordstyle.ca\/fr\/blog\/","title":{"rendered":"Blogue"},"content":{"rendered":"<h2>Bienvenue sur le blogue de Word+Style consacr\u00e9 \u00e0 l\u2019art et au m\u00e9tier de la traduction, un lieu o\u00f9 la langue et la strat\u00e9gie se rencontrent.<\/h2>\r\n<p>This is where language meets strategy.\u00a0Through articles, insights, and practical tips, we explore how expert translation can shape communication, support business goals, and preserve meaning across cultures. Whether you&#8217;re a business owner, communicator, or language enthusiast, you&#8217;ll find valuable perspectives on both the creative craft and the commercial side of translation.<\/p>","protected":false},"excerpt":{"rendered":"<p>Welcome to the Word+Style Blog on the art and business of translation. This is where language meets strategy.\u00a0Through articles, insights, and practical tips, we explore how expert translation can shape communication, support business goals, and preserve meaning across cultures. Whether you&#8217;re a business owner, communicator, or language enthusiast, you&#8217;ll find valuable perspectives on both the creative craft and the commercial side of translation.<\/p>","protected":false},"author":2,"featured_media":0,"parent":0,"menu_order":0,"comment_status":"closed","ping_status":"closed","template":"","meta":{"_acf_changed":false,"_seopress_robots_primary_cat":"","_seopress_titles_title":"Word+Style Translations Blog","_seopress_titles_desc":"Expert Insights on Language and Strategy for Effective Communication | Discover how expert translation shapes communication in our translations blog.","_seopress_robots_index":"","footnotes":""},"class_list":["post-494","page","type-page","status-publish","hentry"],"acf":[],"_links":{"self":[{"href":"https:\/\/wordstyle.ca\/fr\/wp-json\/wp\/v2\/pages\/494","targetHints":{"allow":["GET"]}}],"collection":[{"href":"https:\/\/wordstyle.ca\/fr\/wp-json\/wp\/v2\/pages"}],"about":[{"href":"https:\/\/wordstyle.ca\/fr\/wp-json\/wp\/v2\/types\/page"}],"author":[{"embeddable":true,"href":"https:\/\/wordstyle.ca\/fr\/wp-json\/wp\/v2\/users\/2"}],"replies":[{"embeddable":true,"href":"https:\/\/wordstyle.ca\/fr\/wp-json\/wp\/v2\/comments?post=494"}],"version-history":[{"count":5,"href":"https:\/\/wordstyle.ca\/fr\/wp-json\/wp\/v2\/pages\/494\/revisions"}],"predecessor-version":[{"id":13549,"href":"https:\/\/wordstyle.ca\/fr\/wp-json\/wp\/v2\/pages\/494\/revisions\/13549"}],"wp:attachment":[{"href":"https:\/\/wordstyle.ca\/fr\/wp-json\/wp\/v2\/media?parent=494"}],"curies":[{"name":"wp","href":"https:\/\/api.w.org\/{rel}","templated":true}]}}