{"id":12959,"date":"2025-06-24T11:34:10","date_gmt":"2025-06-24T14:34:10","guid":{"rendered":"https:\/\/wordstyle.ca\/?page_id=12959"},"modified":"2025-12-17T11:00:48","modified_gmt":"2025-12-17T15:00:48","slug":"our-translation-services","status":"publish","type":"page","link":"https:\/\/wordstyle.ca\/fr\/our-translation-services\/","title":{"rendered":"Nos services"},"content":{"rendered":"Word+Style Translations is your one-stop shop for French-to-English and English-to-French translation services that meet all your language needs.\nWhether you&#8217;re launching a campaign, preparing a report, or refining a presentation, our expert team helps you communicate clearly and confidently. We make sure your message comes through in the right voice, every time.\nWe don&#8217;t just translate words. We capture meaning, preserve tone, and ensure your message connects with your audience in both official languages.\n\t<blockquote>\n<h3>&#8220;What a pleasure it is to work with Natalie and her team. Professional, courteous, and expedient in their work with an eye to detail, I look forward to our next project together.&#8221;\u00a0 &#8220;<\/h3>\n<p><em>Bridget McGale, graphiste \u00e0 McGale &amp; Associates<\/em><\/p><\/blockquote>\n\t\t<h3>\t\n\tServices de traduction sp\u00e9cialis\u00e9s<\/h3><h4>Des traductions pertinentes et fid\u00e8les \u00e0 l\u2019original<\/h4>\n<p>A great translation should feel like it was written in the target language from the beginning. That&#8217;s exactly what we deliver.<\/p>\n<p>Nos services de traduction de l\u2019anglais vers le fran\u00e7ais et du fran\u00e7ais vers l\u2019anglais sont con\u00e7us pour les entreprises, organismes et institutions qui cherchent plus qu\u2019une simple transposition linguistique.<\/p>\n<p>Notre travail est clair, nuanc\u00e9 et adapt\u00e9 au contexte culturel cible, pour vous aider \u00e0 transmettre votre message avec \u00e9l\u00e9gance et fid\u00e9lit\u00e9.<\/p>\n\t\t<h3>\t\n\tAdaptation publicitaire<\/h3><h4>Une sensibilit\u00e9 culturelle, pour un message qui atteint sa cible<\/h4>\n<p>Being bilingual means more than knowing two languages. It also means understanding two, or even multiple, cultures. That&#8217;s why direct translation isn&#8217;t enough for ads and marketing content.<\/p>\n<p>We adapt your message with cultural awareness so it feels natural to the audience you&#8217;re targeting.<\/p>\n<p>Whether you&#8217;re speaking to a regional, national, or global market, we re-create your content in a way that keeps the original intent and impact intact.<\/p>\n\t\t<h3>\t\n\tCopyediting in French &#038; English<\/h3><h4>Une r\u00e9vision professionnelle, pour des textes qui chantent<\/h4>\n<p>\u00c0 la recherche d\u2019un regard neuf sur votre document?<\/p>\n<p>Nous offrons des services professionnels de r\u00e9vision de textes r\u00e9dig\u00e9s en fran\u00e7ais ou en anglais.<\/p>\n<p>Nous affinons votre contenu en portant une attention particuli\u00e8re \u00e0 la grammaire, \u00e0 la ponctuation, \u00e0 la syntaxe et \u00e0 la fluidit\u00e9 du texte. Notre objectif : transmettre un message clair et coh\u00e9rent, en conservant votre style unique.<\/p>\n\t\t<h3>\t\n\tCorrection d\u2019\u00e9preuves<\/h3><h4>Des v\u00e9rifications rigoureuses qui mettent la touche finale \u00e0 votre contenu<\/h4>\n<p>Les petits d\u00e9tails ont une grande importance.<\/p>\n<p>Nous examinons attentivement votre contenu avant sa publication afin de nous assurer qu\u2019il est coh\u00e9rent, exempt d\u2019erreur et bien mis en page.<\/p>\n<p>Whether it&#8217;s a report, a press release, or a website page, we help you feel confident that everything is polished and professional.<\/p>\n<p>&nbsp;<\/p>\n<h2>\n\t\t\tPourquoi choisir Word+Style?\t<\/h2>\n<h3>\n\t\t\tBilingual expertise with a personal approach\t<\/h3>\n\t<p>Le choix d\u2019un partenaire linguistique joue un r\u00f4le d\u00e9terminant dans la diffusion de votre message : visez juste et vous en r\u00e9colterez les fruits.<\/p>\n<p>L\u2019approche de Word+Style combine expertise linguistique et acuit\u00e9 culturelle pour fournir des traductions fid\u00e8les et pertinentes plut\u00f4t que litt\u00e9rales.<\/p>\n<p>Our work is about more than just accuracy: it&#8217;s about making sure your words connect with real people in meaningful ways.<\/p>\n\t\t\t<h3> Ma\u00eetrise parfaite du fran\u00e7ais et de l\u2019anglais<\/h3>\t\t\n\t\t\t<h3> Expertise culturelle qui aide votre message \u00e0 trouver un \u00e9cho<\/h3>\t\t\n\t\t\t<h3> Souci du d\u00e9tail \u00e0 chaque \u00e9tape du processus<\/h3>\t\t\n\t\t\t<h3> Service de haute qualit\u00e9 reconnu par des entreprises, des organismes \u00e0 but non lucratif et des chercheurs de partout au Canada<\/h3>\t\t\n\t<h2>\n\t\t\tReady to elevate your French-English communication?\t<\/h2>\n<h3>\n\t\t\tLet&#8217;s bring your message to life in both languages.\t<\/h3>\n\t\t\t<a href=\"https:\/\/wordstyle.ca\/fr\/contact-us\/\" role=\"button\" target=\"_self\" title=\"EN SAVOIR PLUS\" onclick=\"\">\n\t\t\t\t\t\t\t\t\t\t\t\t\t\t\t\t\t\t\t\t\t\tNous joindre\n\t\t\t\t\t\t\t<\/a>\n\t\t\t<a href=\"https:\/\/wordstyle.ca\/fr\/get-a-free-translation-quote\/\" role=\"button\" target=\"_self\" onclick=\"\">\n\t\t\t\t\t\t\t\t\t\t\t\t\t\t\t\t\t\t\t\t\t\tOBTENIR UN DEVIS GRATUIT\n\t\t\t\t\t\t\t<\/a>","protected":false},"excerpt":{"rendered":"<p>Word+Style Translations is your one-stop shop for French-to-English and English-to-French translation services that meet all your language needs. Whether you&#8217;re launching a campaign, preparing a report, or refining a presentation, our expert team helps you communicate clearly and confidently. We make sure your message comes through in the right voice, every time. We don&#8217;t just translate words. We capture meaning, preserve tone, and ensure your message connects with your audience in both official languages. &#8220;What a pleasure it is to work with Natalie and her team. Professional, courteous, and expedient in their work with an eye to detail, I look&hellip;<\/p>","protected":false},"author":2,"featured_media":0,"parent":0,"menu_order":0,"comment_status":"closed","ping_status":"closed","template":"","meta":{"_acf_changed":false,"_seopress_robots_primary_cat":"","_seopress_titles_title":"Word+Style Translation Services","_seopress_titles_desc":"Professional Translation Services for French and English | Discover expert translation services for all your French and English needs at Word+Style Translations.","_seopress_robots_index":"","footnotes":""},"class_list":["post-12959","page","type-page","status-publish","hentry"],"acf":[],"_links":{"self":[{"href":"https:\/\/wordstyle.ca\/fr\/wp-json\/wp\/v2\/pages\/12959","targetHints":{"allow":["GET"]}}],"collection":[{"href":"https:\/\/wordstyle.ca\/fr\/wp-json\/wp\/v2\/pages"}],"about":[{"href":"https:\/\/wordstyle.ca\/fr\/wp-json\/wp\/v2\/types\/page"}],"author":[{"embeddable":true,"href":"https:\/\/wordstyle.ca\/fr\/wp-json\/wp\/v2\/users\/2"}],"replies":[{"embeddable":true,"href":"https:\/\/wordstyle.ca\/fr\/wp-json\/wp\/v2\/comments?post=12959"}],"version-history":[{"count":6,"href":"https:\/\/wordstyle.ca\/fr\/wp-json\/wp\/v2\/pages\/12959\/revisions"}],"predecessor-version":[{"id":13670,"href":"https:\/\/wordstyle.ca\/fr\/wp-json\/wp\/v2\/pages\/12959\/revisions\/13670"}],"wp:attachment":[{"href":"https:\/\/wordstyle.ca\/fr\/wp-json\/wp\/v2\/media?parent=12959"}],"curies":[{"name":"wp","href":"https:\/\/api.w.org\/{rel}","templated":true}]}}